{"id":260,"date":"2025-02-13T21:07:37","date_gmt":"2025-02-13T21:07:37","guid":{"rendered":"https:\/\/bacnetfrance.org\/?page_id=260"},"modified":"2025-05-13T18:27:56","modified_gmt":"2025-05-13T18:27:56","slug":"partners","status":"publish","type":"page","link":"https:\/\/bacnetfrance.org\/en\/partners\/","title":{"rendered":"Partners"},"content":{"rendered":"\n<p>The BACnet France association works closely with the following partners to ensure its mission of promoting the BACnet protocol in France.&nbsp;<br>&nbsp;<\/p>\n\n\n\n<div class=\"wp-block-columns is-layout-flex wp-container-core-columns-is-layout-1 wp-block-columns-is-layout-flex\">\n<div class=\"wp-block-column is-layout-flow wp-block-column-is-layout-flow\" style=\"flex-basis:66.66%\">\n<p><strong><a href=\"https:\/\/acr-regulation.com\/\">ACR<\/a><\/strong>\u00a0<br>ACR (Syndicat des Automatismes du G\u00e9nie Climatique et de la R\u00e9gulation) is the representative trade organization for the BACS industry in France.\u00a0<\/p>\n\n\n\n<p><a href=\"https:\/\/acr-regulation.com\/\" target=\"_blank\" rel=\"noreferrer noopener\">https:\/\/acr-regulation.com\/<\/a>\u00a0<\/p>\n<\/div>\n\n\n\n<div class=\"wp-block-column is-layout-flow wp-block-column-is-layout-flow\" style=\"flex-basis:33.33%\">\n<figure class=\"wp-block-image size-full is-resized\"><img decoding=\"async\" width=\"296\" height=\"109\" src=\"https:\/\/bacnetfrance.org\/wp-content\/uploads\/sites\/7\/2025\/02\/4.png\" alt=\"\" class=\"wp-image-289\" style=\"width:320px;height:auto\"\/><\/figure>\n<\/div>\n<\/div>\n\n\n\n<div style=\"height:30px\" aria-hidden=\"true\" class=\"wp-block-spacer\"><\/div>\n\n\n\n<div class=\"wp-block-columns is-layout-flex wp-container-core-columns-is-layout-2 wp-block-columns-is-layout-flex\">\n<div class=\"wp-block-column is-layout-flow wp-block-column-is-layout-flow\" style=\"flex-basis:66.66%\">\n<p><strong><a href=\"https:\/\/acr-regulation.com\/alliance-bacs\/alliance-bacs\/\">Alliance BACS<\/a><\/strong><br>Alliance BACS is the platform for analysis, reflection, and action for the energy efficiency of buildings and their decarbonization to combat global warming, open to economic players involved in the building markets in all its aspects and with complementary profiles to manufacturers.<\/p>\n\n\n\n<p><a href=\"https:\/\/acr-regulation.com\/alliance-bacs\/alliance-bacs\/ \">https:\/\/acr-regulation.com\/alliance-bacs\/alliance-bacs\/ <\/a><\/p>\n<\/div>\n\n\n\n<div class=\"wp-block-column is-layout-flow wp-block-column-is-layout-flow\" style=\"flex-basis:33.33%\">\n<figure class=\"wp-block-image size-full is-resized\"><img decoding=\"async\" width=\"296\" height=\"109\" src=\"https:\/\/bacnetfrance.org\/wp-content\/uploads\/sites\/7\/2025\/02\/3.png\" alt=\"\" class=\"wp-image-291\" style=\"width:312px;height:auto\"\/><\/figure>\n<\/div>\n<\/div>\n\n\n\n<div style=\"height:30px\" aria-hidden=\"true\" class=\"wp-block-spacer\"><\/div>\n\n\n\n<div style=\"height:30px\" aria-hidden=\"true\" class=\"wp-block-spacer\"><\/div>\n\n\n\n<div class=\"wp-block-columns is-layout-flex wp-container-core-columns-is-layout-3 wp-block-columns-is-layout-flex\">\n<div class=\"wp-block-column is-layout-flow wp-block-column-is-layout-flow\" style=\"flex-basis:66.66%\">\n<p><strong><a href=\"https:\/\/www.bntec.fr\/\">BNTEC<\/a><\/strong><br>BNTEC (Bureau de normalisation des techniques et \u00e9quipements de la construction du B\u00e2timent) is the main standards body for the building sector, associated with the F\u00e9d\u00e9ration Fran\u00e7aise du B\u00e2timent (FFB). BNTEC acts on behalf of AFNOR.<\/p>\n<\/div>\n\n\n\n<div class=\"wp-block-column is-layout-flow wp-block-column-is-layout-flow\" style=\"flex-basis:33.33%\">\n<figure class=\"wp-block-image size-full\"><img decoding=\"async\" width=\"296\" height=\"109\" src=\"https:\/\/bacnetfrance.org\/wp-content\/uploads\/sites\/7\/2025\/02\/6.png\" alt=\"\" class=\"wp-image-293\"\/><\/figure>\n<\/div>\n<\/div>\n\n\n\n<p><a href=\"https:\/\/www.bntec.fr\/\" target=\"_blank\" rel=\"noreferrer noopener\">https:\/\/www.bntec.fr\/<\/a><\/p>\n\n\n\n<div style=\"height:30px\" aria-hidden=\"true\" class=\"wp-block-spacer\"><\/div>\n\n\n\n<div class=\"wp-block-columns is-layout-flex wp-container-core-columns-is-layout-4 wp-block-columns-is-layout-flex\">\n<div class=\"wp-block-column is-layout-flow wp-block-column-is-layout-flow\" style=\"flex-basis:66.66%\">\n<p id=\"block-b2a4873b-8d6d-4c54-9f97-3bb639b66a5d\"><strong><a href=\"https:\/\/www.knx.fr\/\">KNX France<\/a><\/strong><br>KNX France is an industry association gathering all stakeholders of the building sector and responsible for promoting, informing, training and communicating on the KNX open standardized protocol in France.<\/p>\n\n\n\n<p><a href=\"https:\/\/www.knx.fr\/\" target=\"_blank\" rel=\"noreferrer noopener\">https:\/\/www.knx.fr\/<\/a><\/p>\n<\/div>\n\n\n\n<div class=\"wp-block-column is-layout-flow wp-block-column-is-layout-flow\" style=\"flex-basis:33.33%\">\n<figure class=\"wp-block-image size-full is-resized\"><img decoding=\"async\" width=\"296\" height=\"109\" src=\"https:\/\/bacnetfrance.org\/wp-content\/uploads\/sites\/7\/2025\/02\/2.png\" alt=\"\" class=\"wp-image-295\" style=\"width:315px;height:auto\"\/><\/figure>\n<\/div>\n<\/div>\n\n\n\n<div style=\"height:30px\" aria-hidden=\"true\" class=\"wp-block-spacer\"><\/div>\n\n\n\n<div class=\"wp-block-columns is-layout-flex wp-container-core-columns-is-layout-5 wp-block-columns-is-layout-flex\">\n<div class=\"wp-block-column is-layout-flow wp-block-column-is-layout-flow\" style=\"flex-basis:66.66%\">\n<p><strong><a href=\"https:\/\/www.enerj-meeting.com\/\">EnerJ-meeting<\/a><\/strong><br>EnerJ-meeting is the organization in charge of the Energy and Environmental Efficiency Day for buildings, dedicated to key decision-makers in the building industry.<\/p>\n\n\n\n<p><a href=\"https:\/\/www.enerj-meeting.com\/\" target=\"_blank\" rel=\"noreferrer noopener\">https:\/\/www.enerj-meeting.com\/<\/a><\/p>\n<\/div>\n\n\n\n<div class=\"wp-block-column is-layout-flow wp-block-column-is-layout-flow\" style=\"flex-basis:33.33%\">\n<figure class=\"wp-block-image size-full is-resized\"><img decoding=\"async\" width=\"700\" height=\"240\" src=\"https:\/\/bacnetfrance.org\/wp-content\/uploads\/sites\/7\/2025\/03\/Untitled-design-2025-03-12T132446.861.png\" alt=\"\" class=\"wp-image-443\" style=\"width:251px;height:auto\" srcset=\"https:\/\/bacnetfrance.org\/wp-content\/uploads\/sites\/7\/2025\/03\/Untitled-design-2025-03-12T132446.861.png 700w, https:\/\/bacnetfrance.org\/wp-content\/uploads\/sites\/7\/2025\/03\/Untitled-design-2025-03-12T132446.861-300x103.png 300w\" sizes=\"(max-width: 700px) 100vw, 700px\" \/><\/figure>\n<\/div>\n<\/div>\n\n\n\n<div style=\"height:30px\" aria-hidden=\"true\" class=\"wp-block-spacer\"><\/div>\n\n\n\n<div class=\"wp-block-columns is-layout-flex wp-container-core-columns-is-layout-6 wp-block-columns-is-layout-flex\">\n<div class=\"wp-block-column is-layout-flow wp-block-column-is-layout-flow\" style=\"flex-basis:66.66%\">\n<p><strong><a href=\"https:\/\/www.smartbuildingsalliance.org\/\">SBA<\/a><\/strong><br>The Smart Buildings Alliance is a French association established in 2012 to make Smart Buildings an asset for local authorities, businesses, and occupants.<\/p>\n\n\n\n<p><a href=\"https:\/\/www.smartbuildingsalliance.org\/\" target=\"_blank\" rel=\"noreferrer noopener\">https:\/\/www.smartbuildingsalliance.org\/<\/a><\/p>\n<\/div>\n\n\n\n<div class=\"wp-block-column is-layout-flow wp-block-column-is-layout-flow\" style=\"flex-basis:33.33%\">\n<figure class=\"wp-block-image size-full\"><img decoding=\"async\" width=\"296\" height=\"109\" src=\"https:\/\/bacnetfrance.org\/wp-content\/uploads\/sites\/7\/2025\/02\/5.png\" alt=\"\" class=\"wp-image-299\"\/><\/figure>\n<\/div>\n<\/div>\n\n\n\n<p><\/p>\n","protected":false},"excerpt":{"rendered":"<p>The BACnet France association works closely with the following partners to ensure its mission of promoting the BACnet protocol in France.&nbsp;&nbsp; ACR\u00a0ACR (Syndicat des Automatismes du G\u00e9nie Climatique et de [&hellip;]<\/p>\n","protected":false},"author":17,"featured_media":0,"parent":0,"menu_order":0,"comment_status":"closed","ping_status":"closed","template":"","meta":{"_acf_changed":false,"footnotes":""},"class_list":["post-260","page","type-page","status-publish","hentry"],"acf":[],"yoast_head":"<!-- This site is optimized with the Yoast SEO plugin v26.8 - https:\/\/yoast.com\/product\/yoast-seo-wordpress\/ -->\n<title>Partners - BACnet France<\/title>\n<meta name=\"robots\" content=\"index, follow, max-snippet:-1, max-image-preview:large, max-video-preview:-1\" \/>\n<link rel=\"canonical\" href=\"https:\/\/bacnetfrance.org\/en\/partners\/\" \/>\n<meta property=\"og:locale\" content=\"en_US\" \/>\n<meta property=\"og:type\" content=\"article\" \/>\n<meta property=\"og:title\" content=\"Partners - BACnet France\" \/>\n<meta property=\"og:description\" content=\"The BACnet France association works closely with the following partners to ensure its mission of promoting the BACnet protocol in France.&nbsp;&nbsp; ACR\u00a0ACR (Syndicat des Automatismes du G\u00e9nie Climatique et de [&hellip;]\" \/>\n<meta property=\"og:url\" content=\"https:\/\/bacnetfrance.org\/en\/partners\/\" \/>\n<meta property=\"og:site_name\" content=\"BACnet France\" \/>\n<meta property=\"article:modified_time\" content=\"2025-05-13T18:27:56+00:00\" \/>\n<meta property=\"og:image\" content=\"https:\/\/bacnetfrance.org\/wp-content\/uploads\/sites\/7\/2025\/02\/4.png\" \/>\n\t<meta property=\"og:image:width\" content=\"296\" \/>\n\t<meta property=\"og:image:height\" content=\"109\" \/>\n\t<meta property=\"og:image:type\" content=\"image\/png\" \/>\n<meta name=\"twitter:card\" content=\"summary_large_image\" \/>\n<meta name=\"twitter:label1\" content=\"Est. reading time\" \/>\n\t<meta name=\"twitter:data1\" content=\"3 minutes\" \/>\n<script type=\"application\/ld+json\" class=\"yoast-schema-graph\">{\"@context\":\"https:\/\/schema.org\",\"@graph\":[{\"@type\":\"WebPage\",\"@id\":\"https:\/\/bacnetfrance.org\/en\/partners\/\",\"url\":\"https:\/\/bacnetfrance.org\/en\/partners\/\",\"name\":\"Partners - BACnet France\",\"isPartOf\":{\"@id\":\"https:\/\/bacnetfrance.org\/#website\"},\"primaryImageOfPage\":{\"@id\":\"https:\/\/bacnetfrance.org\/en\/partners\/#primaryimage\"},\"image\":{\"@id\":\"https:\/\/bacnetfrance.org\/en\/partners\/#primaryimage\"},\"thumbnailUrl\":\"https:\/\/bacnetfrance.org\/wp-content\/uploads\/sites\/7\/2025\/02\/4.png\",\"datePublished\":\"2025-02-13T21:07:37+00:00\",\"dateModified\":\"2025-05-13T18:27:56+00:00\",\"breadcrumb\":{\"@id\":\"https:\/\/bacnetfrance.org\/en\/partners\/#breadcrumb\"},\"inLanguage\":\"en-US\",\"potentialAction\":[{\"@type\":\"ReadAction\",\"target\":[\"https:\/\/bacnetfrance.org\/en\/partners\/\"]}]},{\"@type\":\"ImageObject\",\"inLanguage\":\"en-US\",\"@id\":\"https:\/\/bacnetfrance.org\/en\/partners\/#primaryimage\",\"url\":\"https:\/\/bacnetfrance.org\/wp-content\/uploads\/sites\/7\/2025\/02\/4.png\",\"contentUrl\":\"https:\/\/bacnetfrance.org\/wp-content\/uploads\/sites\/7\/2025\/02\/4.png\"},{\"@type\":\"BreadcrumbList\",\"@id\":\"https:\/\/bacnetfrance.org\/en\/partners\/#breadcrumb\",\"itemListElement\":[{\"@type\":\"ListItem\",\"position\":1,\"name\":\"Home\",\"item\":\"https:\/\/bacnetfrance.org\/en\/\"},{\"@type\":\"ListItem\",\"position\":2,\"name\":\"Partners\"}]},{\"@type\":\"WebSite\",\"@id\":\"https:\/\/bacnetfrance.org\/#website\",\"url\":\"https:\/\/bacnetfrance.org\/\",\"name\":\"BACnet France\",\"description\":\"BACnet France\",\"publisher\":{\"@id\":\"https:\/\/bacnetfrance.org\/#organization\"},\"potentialAction\":[{\"@type\":\"SearchAction\",\"target\":{\"@type\":\"EntryPoint\",\"urlTemplate\":\"https:\/\/bacnetfrance.org\/?s={search_term_string}\"},\"query-input\":{\"@type\":\"PropertyValueSpecification\",\"valueRequired\":true,\"valueName\":\"search_term_string\"}}],\"inLanguage\":\"en-US\"},{\"@type\":\"Organization\",\"@id\":\"https:\/\/bacnetfrance.org\/#organization\",\"name\":\"BACnet France\",\"url\":\"https:\/\/bacnetfrance.org\/\",\"logo\":{\"@type\":\"ImageObject\",\"inLanguage\":\"en-US\",\"@id\":\"https:\/\/bacnetfrance.org\/#\/schema\/logo\/image\/\",\"url\":\"https:\/\/bacnetfrance.org\/wp-content\/uploads\/sites\/7\/2025\/08\/cropped-BACnet-France-300.png\",\"contentUrl\":\"https:\/\/bacnetfrance.org\/wp-content\/uploads\/sites\/7\/2025\/08\/cropped-BACnet-France-300.png\",\"width\":300,\"height\":91,\"caption\":\"BACnet France\"},\"image\":{\"@id\":\"https:\/\/bacnetfrance.org\/#\/schema\/logo\/image\/\"}}]}<\/script>\n<!-- \/ Yoast SEO plugin. -->","yoast_head_json":{"title":"Partners - BACnet France","robots":{"index":"index","follow":"follow","max-snippet":"max-snippet:-1","max-image-preview":"max-image-preview:large","max-video-preview":"max-video-preview:-1"},"canonical":"https:\/\/bacnetfrance.org\/en\/partners\/","og_locale":"en_US","og_type":"article","og_title":"Partners - BACnet France","og_description":"The BACnet France association works closely with the following partners to ensure its mission of promoting the BACnet protocol in France.&nbsp;&nbsp; ACR\u00a0ACR (Syndicat des Automatismes du G\u00e9nie Climatique et de [&hellip;]","og_url":"https:\/\/bacnetfrance.org\/en\/partners\/","og_site_name":"BACnet France","article_modified_time":"2025-05-13T18:27:56+00:00","og_image":[{"width":296,"height":109,"url":"https:\/\/bacnetfrance.org\/wp-content\/uploads\/sites\/7\/2025\/02\/4.png","type":"image\/png"}],"twitter_card":"summary_large_image","twitter_misc":{"Est. reading time":"3 minutes"},"schema":{"@context":"https:\/\/schema.org","@graph":[{"@type":"WebPage","@id":"https:\/\/bacnetfrance.org\/en\/partners\/","url":"https:\/\/bacnetfrance.org\/en\/partners\/","name":"Partners - BACnet France","isPartOf":{"@id":"https:\/\/bacnetfrance.org\/#website"},"primaryImageOfPage":{"@id":"https:\/\/bacnetfrance.org\/en\/partners\/#primaryimage"},"image":{"@id":"https:\/\/bacnetfrance.org\/en\/partners\/#primaryimage"},"thumbnailUrl":"https:\/\/bacnetfrance.org\/wp-content\/uploads\/sites\/7\/2025\/02\/4.png","datePublished":"2025-02-13T21:07:37+00:00","dateModified":"2025-05-13T18:27:56+00:00","breadcrumb":{"@id":"https:\/\/bacnetfrance.org\/en\/partners\/#breadcrumb"},"inLanguage":"en-US","potentialAction":[{"@type":"ReadAction","target":["https:\/\/bacnetfrance.org\/en\/partners\/"]}]},{"@type":"ImageObject","inLanguage":"en-US","@id":"https:\/\/bacnetfrance.org\/en\/partners\/#primaryimage","url":"https:\/\/bacnetfrance.org\/wp-content\/uploads\/sites\/7\/2025\/02\/4.png","contentUrl":"https:\/\/bacnetfrance.org\/wp-content\/uploads\/sites\/7\/2025\/02\/4.png"},{"@type":"BreadcrumbList","@id":"https:\/\/bacnetfrance.org\/en\/partners\/#breadcrumb","itemListElement":[{"@type":"ListItem","position":1,"name":"Home","item":"https:\/\/bacnetfrance.org\/en\/"},{"@type":"ListItem","position":2,"name":"Partners"}]},{"@type":"WebSite","@id":"https:\/\/bacnetfrance.org\/#website","url":"https:\/\/bacnetfrance.org\/","name":"BACnet France","description":"BACnet France","publisher":{"@id":"https:\/\/bacnetfrance.org\/#organization"},"potentialAction":[{"@type":"SearchAction","target":{"@type":"EntryPoint","urlTemplate":"https:\/\/bacnetfrance.org\/?s={search_term_string}"},"query-input":{"@type":"PropertyValueSpecification","valueRequired":true,"valueName":"search_term_string"}}],"inLanguage":"en-US"},{"@type":"Organization","@id":"https:\/\/bacnetfrance.org\/#organization","name":"BACnet France","url":"https:\/\/bacnetfrance.org\/","logo":{"@type":"ImageObject","inLanguage":"en-US","@id":"https:\/\/bacnetfrance.org\/#\/schema\/logo\/image\/","url":"https:\/\/bacnetfrance.org\/wp-content\/uploads\/sites\/7\/2025\/08\/cropped-BACnet-France-300.png","contentUrl":"https:\/\/bacnetfrance.org\/wp-content\/uploads\/sites\/7\/2025\/08\/cropped-BACnet-France-300.png","width":300,"height":91,"caption":"BACnet France"},"image":{"@id":"https:\/\/bacnetfrance.org\/#\/schema\/logo\/image\/"}}]}},"_links":{"self":[{"href":"https:\/\/bacnetfrance.org\/en\/wp-json\/wp\/v2\/pages\/260","targetHints":{"allow":["GET"]}}],"collection":[{"href":"https:\/\/bacnetfrance.org\/en\/wp-json\/wp\/v2\/pages"}],"about":[{"href":"https:\/\/bacnetfrance.org\/en\/wp-json\/wp\/v2\/types\/page"}],"author":[{"embeddable":true,"href":"https:\/\/bacnetfrance.org\/en\/wp-json\/wp\/v2\/users\/17"}],"replies":[{"embeddable":true,"href":"https:\/\/bacnetfrance.org\/en\/wp-json\/wp\/v2\/comments?post=260"}],"version-history":[{"count":0,"href":"https:\/\/bacnetfrance.org\/en\/wp-json\/wp\/v2\/pages\/260\/revisions"}],"wp:attachment":[{"href":"https:\/\/bacnetfrance.org\/en\/wp-json\/wp\/v2\/media?parent=260"}],"curies":[{"name":"wp","href":"https:\/\/api.w.org\/{rel}","templated":true}]}}